{"id":1146,"date":"2018-11-18T20:52:15","date_gmt":"2018-11-18T19:52:15","guid":{"rendered":"http:\/\/kylotonn.com\/automotive\/"},"modified":"2022-06-15T10:53:11","modified_gmt":"2022-06-15T08:53:11","slug":"automo","status":"publish","type":"page","link":"https:\/\/kylotonn.com\/en\/automo\/","title":{"rendered":"Automotive"},"content":{"rendered":"<p>[vc_row][vc_column][rev_slider_vc alias=&#8221;automobile&#8221;][\/vc_column][\/vc_row][vc_row][vc_column width=&#8221;3\/4&#8243;][ky_main_page_title ky_content=&#8221;AUTOMOTIVE&#8221;][\/vc_column][vc_column width=&#8221;1\/4&#8243; offset=&#8221;vc_hidden-xs&#8221;][us_single_image image=&#8221;1021&#8243; align=&#8221;right&#8221;][\/vc_column][\/vc_row][vc_row][vc_column][ky_main_page_paragraph ky_content=&#8221;A la pointe dans l&#8217;industrie du jeu vid\u00e9o, la technologie d\u00e9velopp\u00e9e par Kylotonn est \u00e9galement utilis\u00e9e pour des partenariats R&amp;D portant sur des projets de v\u00e9hicule autonome dans le secteur automobile.&#8221;][\/vc_column][\/vc_row][vc_row content_placement=&#8221;middle&#8221; columns_type=&#8221;boxes&#8221;][vc_column width=&#8221;3\/4&#8243; el_class=&#8221;no-margin&#8221;][vc_video link=&#8221;https:\/\/youtu.be\/DL2NFXibojs&#8221; video_title=&#8221;1&#8243; ratio=&#8221;3&#215;2&#8243;][\/vc_column][vc_column width=&#8221;1\/4&#8243; el_class=&#8221;no-margin padding-left&#8221;][ky_title_multi_first_red ky_level=&#8221;h3&#8243; ky_content=&#8221;RENAULT<br \/>\nTWIN&#8217;RUN \/ TWIN&#8217;Z&#8221;][vc_column_text]<\/p>\n<div class=\"col-md-2 divAutoResume\">\n<div class=\"row\">\n<div class=\"col-md-12\">\n<p class=\"languageB\">What's the deal between a gaming studio and a car manufacturer?<\/p>\n<p class=\"languageB\">When gameplay meets car configuration, amazing things can happen. For its concept cars Twin'Run\/Twin'Z, Renault chose Kylotonn to develop a brand new 3D interactive application offering a new digital experience which combines fun and technology.<\/p>\n<\/div>\n<\/div>\n<\/div>\n<p>[\/vc_column_text][\/vc_column][\/vc_row][vc_row content_placement=&#8221;middle&#8221; columns_type=&#8221;boxes&#8221; css=&#8221;.vc_custom_1539938528407{margin-top: 2px !important;}&#8221;][vc_column width=&#8221;1\/4&#8243; el_class=&#8221;no-margin padding-right&#8221;][ky_title_multi_first_red ky_level=&#8221;h3&#8243; ky_content=&#8221;RENAULT<br \/>\nMEGANE CGI&#8221; ky_text_align=&#8221;right&#8221;][vc_column_text]<\/p>\n<p style=\"text-align: right;\">A car in motion!<\/p>\n<p style=\"text-align: right;\">First partnership with Renault\/Digitas, this project has provided Kylotonn with the opportunity to demonstrate its expertise in bodywork render for new digital media.<\/p>\n<p>[\/vc_column_text][\/vc_column][vc_column width=&#8221;3\/4&#8243; el_class=&#8221;no-margin&#8221;][vc_video link=&#8221;https:\/\/youtu.be\/j22NkLD7mA4&#8243; video_title=&#8221;1&#8243;][\/vc_column][\/vc_row][vc_row content_placement=&#8221;middle&#8221; columns_type=&#8221;boxes&#8221; css=&#8221;.vc_custom_1543871779083{margin-top: 2px !important;}&#8221;][vc_column width=&#8221;3\/4&#8243; el_class=&#8221;no-margin&#8221;][vc_video link=&#8221;https:\/\/youtu.be\/f5F2grVNsCI&#8221; video_title=&#8221;1&#8243;][\/vc_column][vc_column width=&#8221;1\/4&#8243; el_class=&#8221;no-margin padding-left&#8221;][ky_title_multi_first_red ky_level=&#8221;h3&#8243; ky_content=&#8221;ALPINE<br \/>\nEXPERIENCE&#8221;][vc_column_text]<\/p>\n<div class=\"col-md-2 divAutoResume\">\n<div class=\"row\">\n<div class=\"col-md-12\">\n<div class=\"col-md-2 divAutoResume\">\n<div class=\"row\">\n<div class=\"col-md-12\">\n<div class=\"col-md-2 divAutoResume\">\n<div class=\"row\">\n<div class=\"col-md-12\">\n<p class=\"languageB\">Renault chose Kylotonn to offer a new vision of Alpine, his legendary car.<\/p>\n<p class=\"languageB\">Kylotonn developed an application to discover the car from every angle, to test it on the road and customise it in just a few clicks.<\/p>\n<\/div>\n<\/div>\n<\/div>\n<\/div>\n<\/div>\n<\/div>\n<\/div>\n<\/div>\n<\/div>\n<p>[\/vc_column_text][\/vc_column][\/vc_row][vc_row][vc_column css=&#8221;.vc_custom_1543931290898{margin-top: 4px !important;}&#8221;][ult_buttons btn_title=&#8221;POUR EN SAVOIR PLUS&#8221; btn_link=&#8221;url:http%3A%2F%2Fkylotonn.com%2Fcontact%2F|||&#8221; btn_align=&#8221;ubtn-center&#8221; btn_title_color=&#8221;#ffffff&#8221; btn_bg_color=&#8221;#ff2800&#8243; btn_hover=&#8221;ubtn-fade-bg&#8221; icon_size=&#8221;32&#8243; btn_icon_pos=&#8221;ubtn-sep-icon-at-left&#8221; btn_font_style=&#8221;font-weight:bold;&#8221;][\/vc_column][\/vc_row]<\/p>","protected":false},"excerpt":{"rendered":"<p>[vc_row][vc_column][rev_slider_vc alias=&#8221;automobile&#8221;][\/vc_column][\/vc_row][vc_row][vc_column width=&#8221;3\/4&#8243;][ky_main_page_title ky_content=&#8221;AUTOMOTIVE&#8221;][\/vc_column][vc_column width=&#8221;1\/4&#8243; offset=&#8221;vc_hidden-xs&#8221;][us_single_image image=&#8221;1021&#8243; align=&#8221;right&#8221;][\/vc_column][\/vc_row][vc_row][vc_column][ky_main_page_paragraph ky_content=&#8221;A la pointe dans l&#8217;industrie du jeu vid\u00e9o, la technologie d\u00e9velopp\u00e9e par Kylotonn est \u00e9galement utilis\u00e9e pour des partenariats R&amp;D portant sur des projets de v\u00e9hicule autonome dans le secteur automobile.&#8221;][\/vc_column][\/vc_row][vc_row content_placement=&#8221;middle&#8221; columns_type=&#8221;boxes&#8221;][vc_column width=&#8221;3\/4&#8243; el_class=&#8221;no-margin&#8221;][vc_video link=&#8221;https:\/\/youtu.be\/DL2NFXibojs&#8221; video_title=&#8221;1&#8243; ratio=&#8221;3&#215;2&#8243;][\/vc_column][vc_column width=&#8221;1\/4&#8243; el_class=&#8221;no-margin padding-left&#8221;][ky_title_multi_first_red ky_level=&#8221;h3&#8243; ky_content=&#8221;RENAULT TWIN&#8217;RUN \/ TWIN&#8217;Z&#8221;][vc_column_text] What\u2019s [&hellip;]<\/p>","protected":false},"author":18,"featured_media":0,"parent":0,"menu_order":0,"comment_status":"closed","ping_status":"closed","template":"","meta":{"footnotes":""},"class_list":["post-1146","page","type-page","status-publish","hentry"],"_links":{"self":[{"href":"https:\/\/kylotonn.com\/en\/wp-json\/wp\/v2\/pages\/1146","targetHints":{"allow":["GET"]}}],"collection":[{"href":"https:\/\/kylotonn.com\/en\/wp-json\/wp\/v2\/pages"}],"about":[{"href":"https:\/\/kylotonn.com\/en\/wp-json\/wp\/v2\/types\/page"}],"author":[{"embeddable":true,"href":"https:\/\/kylotonn.com\/en\/wp-json\/wp\/v2\/users\/18"}],"replies":[{"embeddable":true,"href":"https:\/\/kylotonn.com\/en\/wp-json\/wp\/v2\/comments?post=1146"}],"version-history":[{"count":0,"href":"https:\/\/kylotonn.com\/en\/wp-json\/wp\/v2\/pages\/1146\/revisions"}],"wp:attachment":[{"href":"https:\/\/kylotonn.com\/en\/wp-json\/wp\/v2\/media?parent=1146"}],"curies":[{"name":"wp","href":"https:\/\/api.w.org\/{rel}","templated":true}]}}